{"id":2,"date":"2014-11-21T04:51:49","date_gmt":"2014-11-21T04:51:49","guid":{"rendered":"http:\/\/localhost\/wordpress-4.0.1\/wordpress\/?page_id=2"},"modified":"2026-01-19T11:41:40","modified_gmt":"2026-01-19T11:41:40","slug":"contacts","status":"publish","type":"page","link":"https:\/\/customlab.com.ua\/de\/contacts\/","title":{"rendered":"\u00dcber uns"},"content":{"rendered":"<p>Das Medienlabor Custom Lab wurde im November 2008 in Kiew gegr\u00fcndet.<br \/>\n\u00dcber sechs Jahre lang war es eine offizielle Abteilung des internationalen Verlags Sanoma in der Ukraine. Nach dem R\u00fcckzug des Verlags fungiert Custom Lab seit Januar 2015 als eigenst\u00e4ndiges Unternehmen.<\/p>\n<p>Custom Lab ist eine Vereinigung von Medienfachleuten: Redakteure, Journalisten, Designer, Fotografen und andere Spezialisten mit Fachkenntnissen und Kapazit\u00e4ten, um neue Medienprojekte jeglicher Komplexit\u00e4t in ukrainischer, englischer und russischer Sprache zu erstellen.<\/p>\n<p>Custom Lab hat rund 40 einzigartige gedruckte und digitale Medienprojekte f\u00fcr Unternehmenskunden erstellt, darunter Magazine B2P, B2B, B2C, Unternehmensalben, Jahresberichte, Produktionskataloge, Themenhefte, Fachausgaben, Webprojekte und digitale Magazine.<\/p>\n<p>Das Labor wird von Roman Sulima geleitet, einem renommierten ukrainischen Journalisten mit mehr als 20 Jahren Erfahrung auf diesem Gebiet und \u00fcber 50 Medien-Startups in seinem Portfolio.<\/p>\n<div data-url=\"https:\/\/issuu.com\/romansulima\/docs\/cl_ukraine_2015\" style=\"width: 660px; height: 222px;\" class=\"issuuembed\"><\/div>\n<p><script type=\"text\/javascript\" src=\"\/\/e.issuu.com\/embed.js\" async=\"true\"><\/script><\/p>\n<p>&nbsp;<\/p>\n","protected":false},"excerpt":{"rendered":"<p>Das Medienlabor Custom Lab wurde im November 2008 in Kiew gegr\u00fcndet. \u00dcber sechs Jahre lang war es eine offizielle Abteilung des internationalen Verlags Sanoma in der Ukraine. Nach dem R\u00fcckzug des Verlags fungiert Custom Lab seit Januar 2015 als eigenst\u00e4ndiges Unternehmen. Custom Lab ist eine Vereinigung von Medienfachleuten: Redakteure, Journalisten, Designer, Fotografen und andere Spezialisten &hellip; <a href=\"https:\/\/customlab.com.ua\/de\/contacts\/\" class=\"more-link\"><span class=\"screen-reader-text\">\u00dcber uns<\/span> weiterlesen<\/a><\/p>\n","protected":false},"author":5,"featured_media":0,"parent":0,"menu_order":0,"comment_status":"closed","ping_status":"open","template":"","meta":[],"_links":{"self":[{"href":"https:\/\/customlab.com.ua\/de\/wp-json\/wp\/v2\/pages\/2"}],"collection":[{"href":"https:\/\/customlab.com.ua\/de\/wp-json\/wp\/v2\/pages"}],"about":[{"href":"https:\/\/customlab.com.ua\/de\/wp-json\/wp\/v2\/types\/page"}],"author":[{"embeddable":true,"href":"https:\/\/customlab.com.ua\/de\/wp-json\/wp\/v2\/users\/5"}],"replies":[{"embeddable":true,"href":"https:\/\/customlab.com.ua\/de\/wp-json\/wp\/v2\/comments?post=2"}],"version-history":[{"count":181,"href":"https:\/\/customlab.com.ua\/de\/wp-json\/wp\/v2\/pages\/2\/revisions"}],"predecessor-version":[{"id":2099,"href":"https:\/\/customlab.com.ua\/de\/wp-json\/wp\/v2\/pages\/2\/revisions\/2099"}],"wp:attachment":[{"href":"https:\/\/customlab.com.ua\/de\/wp-json\/wp\/v2\/media?parent=2"}],"curies":[{"name":"wp","href":"https:\/\/api.w.org\/{rel}","templated":true}]}}